{"id":330,"date":"2020-03-27T18:23:12","date_gmt":"2020-03-27T17:23:12","guid":{"rendered":"http:\/\/hotel-des-artistes.ms.decms.eu\/hotel-de-charme-lyon-2\/"},"modified":"2024-12-10T18:14:18","modified_gmt":"2024-12-10T17:14:18","slug":"hotel","status":"publish","type":"page","link":"https:\/\/www.hotel-des-artistes.fr\/en\/hotel\/","title":{"rendered":"Hotel"},"content":{"rendered":"<h2>The H\u00f4tel des Artistes: a peaceful haven in central Lyon<\/h2>\n<p>Right in the heart of the Lyon presqu\u2019\u00eele peninsula, the <strong>H\u00f4tel des Artistes in central Lyon<\/strong> is located rue Gaspard Andr\u00e9 on the charming Place des C\u00e9lestins, mere steps away from the famous Theater offering a wide variety of shows and artistic performances.<\/p>\n<p>Sheltered from the hustle and bustle of Lyon city center, this cosy cocoon is in an exceptional location straddling the Sa\u00f4ne and Rh\u00f4ne rivers in the heart of the lively second arrondissement, where it overlooks the elegance of the C\u00e9lestins Theater. A perfect spot for a private getaway, it has long been a favorite of renowned theater actors like Jean Marais. Now more than ever, our <strong>charming hotel in central Lyon<\/strong> is a favored spot for the many actors and travellers who pass through the former Capital of the Gauls, offering a unique, calm place to stay close to all amenities.<\/p>\n<p>Staying in a <strong>hotel in Lyon 2nd arrondissement<\/strong> like the H\u00f4tel des Artistes is the ideal solution for your trip: a calm, relaxing location ideally situated right in the heart of the city center, close to all amenities. What more could you possibly want?<\/p>\n","protected":false},"excerpt":{"rendered":"<p>The H\u00f4tel des Artistes: a peaceful haven in central Lyon Right in the heart of the Lyon presqu\u2019\u00eele peninsula, the H\u00f4tel des Artistes in central Lyon is located rue Gaspard Andr\u00e9 on the charming Place des C\u00e9lestins, mere steps away from the famous Theater offering a wide variety of shows and artistic performances. Sheltered from [&hellip;]<\/p>\n","protected":false},"author":134,"featured_media":0,"parent":0,"menu_order":2,"comment_status":"closed","ping_status":"closed","template":"template-hotel.php","meta":{"footnotes":""},"class_list":["post-330","page","type-page","status-publish","hentry"],"yoast_head":"<!-- This site is optimized with the Yoast SEO plugin v26.9 - https:\/\/yoast.com\/product\/yoast-seo-wordpress\/ -->\n<title>Hotel - Hotel des Artistes -<\/title>\n<meta name=\"description\" content=\"The H\u00f4tel des Artistes: a peaceful haven in central Lyon Right in the heart of the Lyon presqu\u2019\u00eele peninsula, the H\u00f4tel des Artistes in central Lyon is located rue Gaspard Andr\u00e9 on the charming Place des C\u00e9lestins, mere steps away from the famous Theater offering a wide variety of shows and artistic performances.  Sheltered from the hustle and bustle of Lyon city center, this cosy cocoon is in an exceptional location straddling the Sa\u00f4ne and Rh\u00f4ne rivers in the heart of the lively second arrondissement, where it overlooks the elegance of the C\u00e9lestins Theater. A perfect spot for a private getaway, it has long been a favorite of renowned theater actors like Jean Marais\" \/>\n<meta name=\"robots\" content=\"index, follow, max-snippet:-1, max-image-preview:large, max-video-preview:-1\" \/>\n<link rel=\"canonical\" href=\"https:\/\/www.hotel-des-artistes.fr\/en\/hotel\/\" \/>\n<meta property=\"og:locale\" content=\"en_US\" \/>\n<meta property=\"og:type\" content=\"article\" \/>\n<meta property=\"og:title\" content=\"Hotel - Hotel des Artistes -\" \/>\n<meta property=\"og:description\" content=\"The H\u00f4tel des Artistes: a peaceful haven in central Lyon Right in the heart of the Lyon presqu\u2019\u00eele peninsula, the H\u00f4tel des Artistes in central Lyon is located rue Gaspard Andr\u00e9 on the charming Place des C\u00e9lestins, mere steps away from the famous Theater offering a wide variety of shows and artistic performances.  Sheltered from the hustle and bustle of Lyon city center, this cosy cocoon is in an exceptional location straddling the Sa\u00f4ne and Rh\u00f4ne rivers in the heart of the lively second arrondissement, where it overlooks the elegance of the C\u00e9lestins Theater. A perfect spot for a private getaway, it has long been a favorite of renowned theater actors like Jean Marais\" \/>\n<meta property=\"og:url\" content=\"https:\/\/www.hotel-des-artistes.fr\/en\/hotel\/\" \/>\n<meta property=\"og:site_name\" content=\"Hotel des Artistes\" \/>\n<meta property=\"article:modified_time\" content=\"2024-12-10T17:14:18+00:00\" \/>\n<meta name=\"twitter:card\" content=\"summary_large_image\" \/>\n<meta name=\"twitter:label1\" content=\"Est. reading time\" \/>\n\t<meta name=\"twitter:data1\" content=\"2 minutes\" \/>\n<script type=\"application\/ld+json\" class=\"yoast-schema-graph\">{\"@context\":\"https:\/\/schema.org\",\"@graph\":[{\"@type\":\"WebPage\",\"@id\":\"https:\/\/www.hotel-des-artistes.fr\/en\/hotel\/\",\"url\":\"https:\/\/www.hotel-des-artistes.fr\/en\/hotel\/\",\"name\":\"Hotel - Hotel des Artistes -\",\"isPartOf\":{\"@id\":\"https:\/\/www.hotel-des-artistes.fr\/en\/#website\"},\"datePublished\":\"2020-03-27T17:23:12+00:00\",\"dateModified\":\"2024-12-10T17:14:18+00:00\",\"description\":\"The H\u00f4tel des Artistes: a peaceful haven in central Lyon Right in the heart of the Lyon presqu\u2019\u00eele peninsula, the H\u00f4tel des Artistes in central Lyon is located rue Gaspard Andr\u00e9 on the charming Place des C\u00e9lestins, mere steps away from the famous Theater offering a wide variety of shows and artistic performances. Sheltered from the hustle and bustle of Lyon city center, this cosy cocoon is in an exceptional location straddling the Sa\u00f4ne and Rh\u00f4ne rivers in the heart of the lively second arrondissement, where it overlooks the elegance of the C\u00e9lestins Theater. A perfect spot for a private getaway, it has long been a favorite of renowned theater actors like Jean Marais\",\"breadcrumb\":{\"@id\":\"https:\/\/www.hotel-des-artistes.fr\/en\/hotel\/#breadcrumb\"},\"inLanguage\":\"en-US\",\"potentialAction\":[{\"@type\":\"ReadAction\",\"target\":[\"https:\/\/www.hotel-des-artistes.fr\/en\/hotel\/\"]}]},{\"@type\":\"BreadcrumbList\",\"@id\":\"https:\/\/www.hotel-des-artistes.fr\/en\/hotel\/#breadcrumb\",\"itemListElement\":[{\"@type\":\"ListItem\",\"position\":1,\"name\":\"Accueil\",\"item\":\"https:\/\/www.hotel-des-artistes.fr\/en\/\"},{\"@type\":\"ListItem\",\"position\":2,\"name\":\"Hotel\"}]},{\"@type\":\"WebSite\",\"@id\":\"https:\/\/www.hotel-des-artistes.fr\/en\/#website\",\"url\":\"https:\/\/www.hotel-des-artistes.fr\/en\/\",\"name\":\"Hotel des Artistes\",\"description\":\"\",\"publisher\":{\"@id\":\"https:\/\/www.hotel-des-artistes.fr\/en\/#organization\"},\"potentialAction\":[{\"@type\":\"SearchAction\",\"target\":{\"@type\":\"EntryPoint\",\"urlTemplate\":\"https:\/\/www.hotel-des-artistes.fr\/en\/?s={search_term_string}\"},\"query-input\":{\"@type\":\"PropertyValueSpecification\",\"valueRequired\":true,\"valueName\":\"search_term_string\"}}],\"inLanguage\":\"en-US\"},{\"@type\":\"Organization\",\"@id\":\"https:\/\/www.hotel-des-artistes.fr\/en\/#organization\",\"name\":\"Hotel des Artistes\",\"url\":\"https:\/\/www.hotel-des-artistes.fr\/en\/\",\"logo\":{\"@type\":\"ImageObject\",\"inLanguage\":\"en-US\",\"@id\":\"https:\/\/www.hotel-des-artistes.fr\/en\/#\/schema\/logo\/image\/\",\"url\":\"https:\/\/www.hotel-des-artistes.fr\/wp-content\/uploads\/sites\/160\/2020\/04\/logo_hotel-des-artistes_HD_fond-transparent-01-V2.png\",\"contentUrl\":\"https:\/\/www.hotel-des-artistes.fr\/wp-content\/uploads\/sites\/160\/2020\/04\/logo_hotel-des-artistes_HD_fond-transparent-01-V2.png\",\"width\":1578,\"height\":617,\"caption\":\"Hotel des Artistes\"},\"image\":{\"@id\":\"https:\/\/www.hotel-des-artistes.fr\/en\/#\/schema\/logo\/image\/\"}}]}<\/script>\n<!-- \/ Yoast SEO plugin. -->","yoast_head_json":{"title":"Hotel - Hotel des Artistes -","description":"The H\u00f4tel des Artistes: a peaceful haven in central Lyon Right in the heart of the Lyon presqu\u2019\u00eele peninsula, the H\u00f4tel des Artistes in central Lyon is located rue Gaspard Andr\u00e9 on the charming Place des C\u00e9lestins, mere steps away from the famous Theater offering a wide variety of shows and artistic performances.  Sheltered from the hustle and bustle of Lyon city center, this cosy cocoon is in an exceptional location straddling the Sa\u00f4ne and Rh\u00f4ne rivers in the heart of the lively second arrondissement, where it overlooks the elegance of the C\u00e9lestins Theater. A perfect spot for a private getaway, it has long been a favorite of renowned theater actors like Jean Marais","robots":{"index":"index","follow":"follow","max-snippet":"max-snippet:-1","max-image-preview":"max-image-preview:large","max-video-preview":"max-video-preview:-1"},"canonical":"https:\/\/www.hotel-des-artistes.fr\/en\/hotel\/","og_locale":"en_US","og_type":"article","og_title":"Hotel - Hotel des Artistes -","og_description":"The H\u00f4tel des Artistes: a peaceful haven in central Lyon Right in the heart of the Lyon presqu\u2019\u00eele peninsula, the H\u00f4tel des Artistes in central Lyon is located rue Gaspard Andr\u00e9 on the charming Place des C\u00e9lestins, mere steps away from the famous Theater offering a wide variety of shows and artistic performances.  Sheltered from the hustle and bustle of Lyon city center, this cosy cocoon is in an exceptional location straddling the Sa\u00f4ne and Rh\u00f4ne rivers in the heart of the lively second arrondissement, where it overlooks the elegance of the C\u00e9lestins Theater. A perfect spot for a private getaway, it has long been a favorite of renowned theater actors like Jean Marais","og_url":"https:\/\/www.hotel-des-artistes.fr\/en\/hotel\/","og_site_name":"Hotel des Artistes","article_modified_time":"2024-12-10T17:14:18+00:00","twitter_card":"summary_large_image","twitter_misc":{"Est. reading time":"2 minutes"},"schema":{"@context":"https:\/\/schema.org","@graph":[{"@type":"WebPage","@id":"https:\/\/www.hotel-des-artistes.fr\/en\/hotel\/","url":"https:\/\/www.hotel-des-artistes.fr\/en\/hotel\/","name":"Hotel - Hotel des Artistes -","isPartOf":{"@id":"https:\/\/www.hotel-des-artistes.fr\/en\/#website"},"datePublished":"2020-03-27T17:23:12+00:00","dateModified":"2024-12-10T17:14:18+00:00","description":"The H\u00f4tel des Artistes: a peaceful haven in central Lyon Right in the heart of the Lyon presqu\u2019\u00eele peninsula, the H\u00f4tel des Artistes in central Lyon is located rue Gaspard Andr\u00e9 on the charming Place des C\u00e9lestins, mere steps away from the famous Theater offering a wide variety of shows and artistic performances. Sheltered from the hustle and bustle of Lyon city center, this cosy cocoon is in an exceptional location straddling the Sa\u00f4ne and Rh\u00f4ne rivers in the heart of the lively second arrondissement, where it overlooks the elegance of the C\u00e9lestins Theater. A perfect spot for a private getaway, it has long been a favorite of renowned theater actors like Jean Marais","breadcrumb":{"@id":"https:\/\/www.hotel-des-artistes.fr\/en\/hotel\/#breadcrumb"},"inLanguage":"en-US","potentialAction":[{"@type":"ReadAction","target":["https:\/\/www.hotel-des-artistes.fr\/en\/hotel\/"]}]},{"@type":"BreadcrumbList","@id":"https:\/\/www.hotel-des-artistes.fr\/en\/hotel\/#breadcrumb","itemListElement":[{"@type":"ListItem","position":1,"name":"Accueil","item":"https:\/\/www.hotel-des-artistes.fr\/en\/"},{"@type":"ListItem","position":2,"name":"Hotel"}]},{"@type":"WebSite","@id":"https:\/\/www.hotel-des-artistes.fr\/en\/#website","url":"https:\/\/www.hotel-des-artistes.fr\/en\/","name":"Hotel des Artistes","description":"","publisher":{"@id":"https:\/\/www.hotel-des-artistes.fr\/en\/#organization"},"potentialAction":[{"@type":"SearchAction","target":{"@type":"EntryPoint","urlTemplate":"https:\/\/www.hotel-des-artistes.fr\/en\/?s={search_term_string}"},"query-input":{"@type":"PropertyValueSpecification","valueRequired":true,"valueName":"search_term_string"}}],"inLanguage":"en-US"},{"@type":"Organization","@id":"https:\/\/www.hotel-des-artistes.fr\/en\/#organization","name":"Hotel des Artistes","url":"https:\/\/www.hotel-des-artistes.fr\/en\/","logo":{"@type":"ImageObject","inLanguage":"en-US","@id":"https:\/\/www.hotel-des-artistes.fr\/en\/#\/schema\/logo\/image\/","url":"https:\/\/www.hotel-des-artistes.fr\/wp-content\/uploads\/sites\/160\/2020\/04\/logo_hotel-des-artistes_HD_fond-transparent-01-V2.png","contentUrl":"https:\/\/www.hotel-des-artistes.fr\/wp-content\/uploads\/sites\/160\/2020\/04\/logo_hotel-des-artistes_HD_fond-transparent-01-V2.png","width":1578,"height":617,"caption":"Hotel des Artistes"},"image":{"@id":"https:\/\/www.hotel-des-artistes.fr\/en\/#\/schema\/logo\/image\/"}}]}},"acf":[],"_links":{"self":[{"href":"https:\/\/www.hotel-des-artistes.fr\/en\/wp-json\/wp\/v2\/pages\/330","targetHints":{"allow":["GET"]}}],"collection":[{"href":"https:\/\/www.hotel-des-artistes.fr\/en\/wp-json\/wp\/v2\/pages"}],"about":[{"href":"https:\/\/www.hotel-des-artistes.fr\/en\/wp-json\/wp\/v2\/types\/page"}],"author":[{"embeddable":true,"href":"https:\/\/www.hotel-des-artistes.fr\/en\/wp-json\/wp\/v2\/users\/134"}],"replies":[{"embeddable":true,"href":"https:\/\/www.hotel-des-artistes.fr\/en\/wp-json\/wp\/v2\/comments?post=330"}],"version-history":[{"count":0,"href":"https:\/\/www.hotel-des-artistes.fr\/en\/wp-json\/wp\/v2\/pages\/330\/revisions"}],"wp:attachment":[{"href":"https:\/\/www.hotel-des-artistes.fr\/en\/wp-json\/wp\/v2\/media?parent=330"}],"curies":[{"name":"wp","href":"https:\/\/api.w.org\/{rel}","templated":true}]}}