{"id":328,"date":"2020-03-27T17:30:01","date_gmt":"2020-03-27T16:30:01","guid":{"rendered":"http:\/\/hotel-des-artistes.ms.decms.eu\/3-2\/"},"modified":"2024-12-10T17:57:35","modified_gmt":"2024-12-10T16:57:35","slug":"3-2","status":"publish","type":"page","link":"https:\/\/www.hotel-des-artistes.fr\/en\/","title":{"rendered":"H\u00f4tel des Artistes"},"content":{"rendered":"<h2>A charming hotel in central Lyon for a sustainable city break<\/h2>\n<p style=\"text-align: left\">Located on the charming <strong>Place des C\u00e9lestins<\/strong> in the heart of the <strong>Lyon Presqu\u2019\u00eele peninsula<\/strong>, the <a href=\"http:\/\/hotel-des-artistes.ms.decms.eu\/en\/hotel\/\"><strong>3 star H\u00f4tel des Artistes<\/strong><\/a> enjoys an ideal location opposite the C\u00e9lestins theater, an Italianate building listed as a UNESCO World Heritage Site. Our Lyon city center hotel became known as the &#8220;hotel of the artists&#8221; in the 1970s, the golden age when renowned actors and theatrical performers were regular guests there. Renovated and decorated with unique artwork over the years, the <strong>H\u00f4tel des Artistes<\/strong> is a trendsetter that has never lost its original charm.<\/p>\n<p>&nbsp;<\/p>\n<h2>A hotel in the heart of Lyon<\/h2>\n<p>Located in the second arrondissement, at the very heart of central Lyon, the H\u00f4tel des Artistes provides easy access to shops, restaurants and bouchon eateries serving traditional Lyonnaise fare. It&#8217;s also close to some of the finest cultural and historical attractions Lyon has to offer: the Grand H\u00f4tel Dieu, Place des Terreaux, H\u00f4tel de Ville Louis Pradel, Place Bellecour, the Jacobins fountain, the small cobbled streets of Vieux-Lyon, the timeless Pentes de la Croix-Rousse, Notre-Dame-de-Fourvi\u00e8re Cathedral, and other tourist sights are all located near the H\u00f4tel des Artistes, with quick and easy access by foot or by public transport. The cycle paths called <a href=\"https:\/\/avelo.grandlyon.com\/se-deplacer-a-velo\/les-voies-lyonnaises\">&#8220;voies lyonnaises&#8221;<\/a> also allow you to explore the city by bike, particularly along the Rh\u00f4ne river towards the Parc de la T\u00eate d&#8217;Or!<\/p>\n","protected":false},"excerpt":{"rendered":"<p>A charming hotel in central Lyon for a sustainable city break Located on the charming Place des C\u00e9lestins in the heart of the Lyon Presqu\u2019\u00eele peninsula, the 3 star H\u00f4tel des Artistes enjoys an ideal location opposite the C\u00e9lestins theater, an Italianate building listed as a UNESCO World Heritage Site. Our Lyon city center hotel [&hellip;]<\/p>\n","protected":false},"author":134,"featured_media":0,"parent":0,"menu_order":1,"comment_status":"closed","ping_status":"closed","template":"","meta":{"footnotes":""},"class_list":["post-328","page","type-page","status-publish","hentry"],"yoast_head":"<!-- This site is optimized with the Yoast SEO plugin v26.9 - https:\/\/yoast.com\/product\/yoast-seo-wordpress\/ -->\n<title>H\u00f4tel des Artistes - Hotel des Artistes -<\/title>\n<meta name=\"description\" content=\"A charming hotel in central Lyon for a sustainable city break Located on the charming Place des C\u00e9lestins in the heart of the Lyon Presqu\u2019\u00eele peninsula, the 3 star H\u00f4tel des Artistes enjoys an ideal location opposite the C\u00e9lestins theater, an Italianate building listed as a UNESCO World Heritage Site. Our Lyon city center hotel became known as the &quot;hotel of the artists&quot; in the 1970s, the golden age when renowned actors and theatrical performers were regular guests there\" \/>\n<meta name=\"robots\" content=\"index, follow, max-snippet:-1, max-image-preview:large, max-video-preview:-1\" \/>\n<link rel=\"canonical\" href=\"https:\/\/www.hotel-des-artistes.fr\/en\/\" \/>\n<meta property=\"og:locale\" content=\"en_US\" \/>\n<meta property=\"og:type\" content=\"article\" \/>\n<meta property=\"og:title\" content=\"H\u00f4tel des Artistes - Hotel des Artistes -\" \/>\n<meta property=\"og:description\" content=\"A charming hotel in central Lyon for a sustainable city break Located on the charming Place des C\u00e9lestins in the heart of the Lyon Presqu\u2019\u00eele peninsula, the 3 star H\u00f4tel des Artistes enjoys an ideal location opposite the C\u00e9lestins theater, an Italianate building listed as a UNESCO World Heritage Site. Our Lyon city center hotel became known as the &quot;hotel of the artists&quot; in the 1970s, the golden age when renowned actors and theatrical performers were regular guests there\" \/>\n<meta property=\"og:url\" content=\"https:\/\/www.hotel-des-artistes.fr\/en\/\" \/>\n<meta property=\"og:site_name\" content=\"Hotel des Artistes\" \/>\n<meta property=\"article:modified_time\" content=\"2024-12-10T16:57:35+00:00\" \/>\n<meta name=\"twitter:card\" content=\"summary_large_image\" \/>\n<meta name=\"twitter:label1\" content=\"Est. reading time\" \/>\n\t<meta name=\"twitter:data1\" content=\"2 minutes\" \/>\n<script type=\"application\/ld+json\" class=\"yoast-schema-graph\">{\"@context\":\"https:\/\/schema.org\",\"@graph\":[{\"@type\":\"WebPage\",\"@id\":\"https:\/\/www.hotel-des-artistes.fr\/en\/\",\"url\":\"https:\/\/www.hotel-des-artistes.fr\/en\/\",\"name\":\"H\u00f4tel des Artistes - Hotel des Artistes -\",\"isPartOf\":{\"@id\":\"https:\/\/www.hotel-des-artistes.fr\/en\/#website\"},\"datePublished\":\"2020-03-27T16:30:01+00:00\",\"dateModified\":\"2024-12-10T16:57:35+00:00\",\"description\":\"A charming hotel in central Lyon for a sustainable city break Located on the charming Place des C\u00e9lestins in the heart of the Lyon Presqu\u2019\u00eele peninsula, the 3 star H\u00f4tel des Artistes enjoys an ideal location opposite the C\u00e9lestins theater, an Italianate building listed as a UNESCO World Heritage Site. Our Lyon city center hotel became known as the \\\"hotel of the artists\\\" in the 1970s, the golden age when renowned actors and theatrical performers were regular guests there\",\"breadcrumb\":{\"@id\":\"https:\/\/www.hotel-des-artistes.fr\/en\/#breadcrumb\"},\"inLanguage\":\"en-US\",\"potentialAction\":[{\"@type\":\"ReadAction\",\"target\":[\"https:\/\/www.hotel-des-artistes.fr\/en\/\"]}]},{\"@type\":\"BreadcrumbList\",\"@id\":\"https:\/\/www.hotel-des-artistes.fr\/en\/#breadcrumb\",\"itemListElement\":[{\"@type\":\"ListItem\",\"position\":1,\"name\":\"Accueil\",\"item\":\"https:\/\/www.hotel-des-artistes.fr\/en\/\"},{\"@type\":\"ListItem\",\"position\":2,\"name\":\"H\u00f4tel des Artistes\"}]},{\"@type\":\"WebSite\",\"@id\":\"https:\/\/www.hotel-des-artistes.fr\/en\/#website\",\"url\":\"https:\/\/www.hotel-des-artistes.fr\/en\/\",\"name\":\"Hotel des Artistes\",\"description\":\"\",\"publisher\":{\"@id\":\"https:\/\/www.hotel-des-artistes.fr\/en\/#organization\"},\"potentialAction\":[{\"@type\":\"SearchAction\",\"target\":{\"@type\":\"EntryPoint\",\"urlTemplate\":\"https:\/\/www.hotel-des-artistes.fr\/en\/?s={search_term_string}\"},\"query-input\":{\"@type\":\"PropertyValueSpecification\",\"valueRequired\":true,\"valueName\":\"search_term_string\"}}],\"inLanguage\":\"en-US\"},{\"@type\":\"Organization\",\"@id\":\"https:\/\/www.hotel-des-artistes.fr\/en\/#organization\",\"name\":\"Hotel des Artistes\",\"url\":\"https:\/\/www.hotel-des-artistes.fr\/en\/\",\"logo\":{\"@type\":\"ImageObject\",\"inLanguage\":\"en-US\",\"@id\":\"https:\/\/www.hotel-des-artistes.fr\/en\/#\/schema\/logo\/image\/\",\"url\":\"https:\/\/www.hotel-des-artistes.fr\/wp-content\/uploads\/sites\/160\/2020\/04\/logo_hotel-des-artistes_HD_fond-transparent-01-V2.png\",\"contentUrl\":\"https:\/\/www.hotel-des-artistes.fr\/wp-content\/uploads\/sites\/160\/2020\/04\/logo_hotel-des-artistes_HD_fond-transparent-01-V2.png\",\"width\":1578,\"height\":617,\"caption\":\"Hotel des Artistes\"},\"image\":{\"@id\":\"https:\/\/www.hotel-des-artistes.fr\/en\/#\/schema\/logo\/image\/\"}}]}<\/script>\n<!-- \/ Yoast SEO plugin. -->","yoast_head_json":{"title":"H\u00f4tel des Artistes - Hotel des Artistes -","description":"A charming hotel in central Lyon for a sustainable city break Located on the charming Place des C\u00e9lestins in the heart of the Lyon Presqu\u2019\u00eele peninsula, the 3 star H\u00f4tel des Artistes enjoys an ideal location opposite the C\u00e9lestins theater, an Italianate building listed as a UNESCO World Heritage Site. Our Lyon city center hotel became known as the \"hotel of the artists\" in the 1970s, the golden age when renowned actors and theatrical performers were regular guests there","robots":{"index":"index","follow":"follow","max-snippet":"max-snippet:-1","max-image-preview":"max-image-preview:large","max-video-preview":"max-video-preview:-1"},"canonical":"https:\/\/www.hotel-des-artistes.fr\/en\/","og_locale":"en_US","og_type":"article","og_title":"H\u00f4tel des Artistes - Hotel des Artistes -","og_description":"A charming hotel in central Lyon for a sustainable city break Located on the charming Place des C\u00e9lestins in the heart of the Lyon Presqu\u2019\u00eele peninsula, the 3 star H\u00f4tel des Artistes enjoys an ideal location opposite the C\u00e9lestins theater, an Italianate building listed as a UNESCO World Heritage Site. Our Lyon city center hotel became known as the \"hotel of the artists\" in the 1970s, the golden age when renowned actors and theatrical performers were regular guests there","og_url":"https:\/\/www.hotel-des-artistes.fr\/en\/","og_site_name":"Hotel des Artistes","article_modified_time":"2024-12-10T16:57:35+00:00","twitter_card":"summary_large_image","twitter_misc":{"Est. reading time":"2 minutes"},"schema":{"@context":"https:\/\/schema.org","@graph":[{"@type":"WebPage","@id":"https:\/\/www.hotel-des-artistes.fr\/en\/","url":"https:\/\/www.hotel-des-artistes.fr\/en\/","name":"H\u00f4tel des Artistes - Hotel des Artistes -","isPartOf":{"@id":"https:\/\/www.hotel-des-artistes.fr\/en\/#website"},"datePublished":"2020-03-27T16:30:01+00:00","dateModified":"2024-12-10T16:57:35+00:00","description":"A charming hotel in central Lyon for a sustainable city break Located on the charming Place des C\u00e9lestins in the heart of the Lyon Presqu\u2019\u00eele peninsula, the 3 star H\u00f4tel des Artistes enjoys an ideal location opposite the C\u00e9lestins theater, an Italianate building listed as a UNESCO World Heritage Site. Our Lyon city center hotel became known as the \"hotel of the artists\" in the 1970s, the golden age when renowned actors and theatrical performers were regular guests there","breadcrumb":{"@id":"https:\/\/www.hotel-des-artistes.fr\/en\/#breadcrumb"},"inLanguage":"en-US","potentialAction":[{"@type":"ReadAction","target":["https:\/\/www.hotel-des-artistes.fr\/en\/"]}]},{"@type":"BreadcrumbList","@id":"https:\/\/www.hotel-des-artistes.fr\/en\/#breadcrumb","itemListElement":[{"@type":"ListItem","position":1,"name":"Accueil","item":"https:\/\/www.hotel-des-artistes.fr\/en\/"},{"@type":"ListItem","position":2,"name":"H\u00f4tel des Artistes"}]},{"@type":"WebSite","@id":"https:\/\/www.hotel-des-artistes.fr\/en\/#website","url":"https:\/\/www.hotel-des-artistes.fr\/en\/","name":"Hotel des Artistes","description":"","publisher":{"@id":"https:\/\/www.hotel-des-artistes.fr\/en\/#organization"},"potentialAction":[{"@type":"SearchAction","target":{"@type":"EntryPoint","urlTemplate":"https:\/\/www.hotel-des-artistes.fr\/en\/?s={search_term_string}"},"query-input":{"@type":"PropertyValueSpecification","valueRequired":true,"valueName":"search_term_string"}}],"inLanguage":"en-US"},{"@type":"Organization","@id":"https:\/\/www.hotel-des-artistes.fr\/en\/#organization","name":"Hotel des Artistes","url":"https:\/\/www.hotel-des-artistes.fr\/en\/","logo":{"@type":"ImageObject","inLanguage":"en-US","@id":"https:\/\/www.hotel-des-artistes.fr\/en\/#\/schema\/logo\/image\/","url":"https:\/\/www.hotel-des-artistes.fr\/wp-content\/uploads\/sites\/160\/2020\/04\/logo_hotel-des-artistes_HD_fond-transparent-01-V2.png","contentUrl":"https:\/\/www.hotel-des-artistes.fr\/wp-content\/uploads\/sites\/160\/2020\/04\/logo_hotel-des-artistes_HD_fond-transparent-01-V2.png","width":1578,"height":617,"caption":"Hotel des Artistes"},"image":{"@id":"https:\/\/www.hotel-des-artistes.fr\/en\/#\/schema\/logo\/image\/"}}]}},"acf":[],"_links":{"self":[{"href":"https:\/\/www.hotel-des-artistes.fr\/en\/wp-json\/wp\/v2\/pages\/328","targetHints":{"allow":["GET"]}}],"collection":[{"href":"https:\/\/www.hotel-des-artistes.fr\/en\/wp-json\/wp\/v2\/pages"}],"about":[{"href":"https:\/\/www.hotel-des-artistes.fr\/en\/wp-json\/wp\/v2\/types\/page"}],"author":[{"embeddable":true,"href":"https:\/\/www.hotel-des-artistes.fr\/en\/wp-json\/wp\/v2\/users\/134"}],"replies":[{"embeddable":true,"href":"https:\/\/www.hotel-des-artistes.fr\/en\/wp-json\/wp\/v2\/comments?post=328"}],"version-history":[{"count":0,"href":"https:\/\/www.hotel-des-artistes.fr\/en\/wp-json\/wp\/v2\/pages\/328\/revisions"}],"wp:attachment":[{"href":"https:\/\/www.hotel-des-artistes.fr\/en\/wp-json\/wp\/v2\/media?parent=328"}],"curies":[{"name":"wp","href":"https:\/\/api.w.org\/{rel}","templated":true}]}}